{"id":12190,"date":"2023-08-04T09:27:46","date_gmt":"2023-08-04T09:27:46","guid":{"rendered":"https:\/\/www.automaise.com\/cookies\/"},"modified":"2024-08-01T15:31:15","modified_gmt":"2024-08-01T15:31:15","slug":"cookies","status":"publish","type":"page","link":"https:\/\/www.automaise.com\/es\/cookies\/","title":{"rendered":"Cookies"},"content":{"rendered":"<style>.elementor-12190 .elementor-element.elementor-element-6a0fed5{--display:flex;--min-height:0px;--flex-direction:column;--container-widget-width:calc( ( 1 - var( --container-widget-flex-grow ) ) * 100% );--container-widget-height:initial;--container-widget-flex-grow:0;--container-widget-align-self:initial;--justify-content:center;--align-items:center;--gap:10px 10px;--flex-wrap:wrap;--background-transition:0.3s;--padding-block-start:050px;--padding-block-end:10px;--padding-inline-start:30px;--padding-inline-end:30px;}.elementor-12190 .elementor-element.elementor-element-d4f0740{--display:flex;--background-transition:0.3s;}.elementor-12190 .elementor-element.elementor-element-dd5d16c .elementor-heading-title{color:var( --e-global-color-secondary );font-family:var( --e-global-typography-2a77ca3-font-family ), Sans-serif;font-size:var( --e-global-typography-2a77ca3-font-size );font-weight:var( --e-global-typography-2a77ca3-font-weight );text-transform:var( --e-global-typography-2a77ca3-text-transform );font-style:var( --e-global-typography-2a77ca3-font-style );text-decoration:var( --e-global-typography-2a77ca3-text-decoration );line-height:var( --e-global-typography-2a77ca3-line-height );letter-spacing:var( --e-global-typography-2a77ca3-letter-spacing );word-spacing:var( --e-global-typography-2a77ca3-word-spacing );}.elementor-12190 .elementor-element.elementor-element-0f93bc0{color:var( --e-global-color-3f00146 );}@media(max-width:1024px){.elementor-12190 .elementor-element.elementor-element-dd5d16c .elementor-heading-title{font-size:var( --e-global-typography-2a77ca3-font-size );line-height:var( --e-global-typography-2a77ca3-line-height );letter-spacing:var( --e-global-typography-2a77ca3-letter-spacing );word-spacing:var( --e-global-typography-2a77ca3-word-spacing );}}@media(min-width:768px){.elementor-12190 .elementor-element.elementor-element-6a0fed5{--content-width:1128px;}}@media(max-width:767px){.elementor-12190 .elementor-element.elementor-element-6a0fed5{--padding-block-start:20px;--padding-block-end:20px;--padding-inline-start:20px;--padding-inline-end:20px;}.elementor-12190 .elementor-element.elementor-element-dd5d16c .elementor-heading-title{font-size:var( --e-global-typography-2a77ca3-font-size );line-height:var( --e-global-typography-2a77ca3-line-height );letter-spacing:var( --e-global-typography-2a77ca3-letter-spacing );word-spacing:var( --e-global-typography-2a77ca3-word-spacing );}}<\/style>\t\t<div data-elementor-type=\"wp-page\" data-elementor-id=\"12190\" class=\"elementor elementor-12190 elementor-6092\" data-elementor-post-type=\"page\">\n\t\t\t\t<div class=\"elementor-element elementor-element-6a0fed5 e-flex e-con-boxed e-con e-parent\" data-id=\"6a0fed5\" data-element_type=\"container\" data-settings=\"{&quot;jet_parallax_layout_list&quot;:[],&quot;container_type&quot;:&quot;flex&quot;,&quot;content_width&quot;:&quot;boxed&quot;}\" data-core-v316-plus=\"true\">\n\t\t\t\t\t<div class=\"e-con-inner\">\n\t\t<div class=\"elementor-element elementor-element-d4f0740 e-con-full e-flex e-con e-child\" data-id=\"d4f0740\" data-element_type=\"container\" data-settings=\"{&quot;content_width&quot;:&quot;full&quot;,&quot;jet_parallax_layout_list&quot;:[],&quot;container_type&quot;:&quot;flex&quot;}\">\n\t\t\t\t<div class=\"elementor-element elementor-element-dd5d16c elementor-widget elementor-widget-heading\" data-id=\"dd5d16c\" data-element_type=\"widget\" data-widget_type=\"heading.default\">\n\t\t\t\t<div class=\"elementor-widget-container\">\n\t\t\t<style>\/*! elementor - v3.19.0 - 28-02-2024 *\/\n.elementor-heading-title{padding:0;margin:0;line-height:1}.elementor-widget-heading .elementor-heading-title[class*=elementor-size-]>a{color:inherit;font-size:inherit;line-height:inherit}.elementor-widget-heading .elementor-heading-title.elementor-size-small{font-size:15px}.elementor-widget-heading .elementor-heading-title.elementor-size-medium{font-size:19px}.elementor-widget-heading .elementor-heading-title.elementor-size-large{font-size:29px}.elementor-widget-heading .elementor-heading-title.elementor-size-xl{font-size:39px}.elementor-widget-heading .elementor-heading-title.elementor-size-xxl{font-size:59px}<\/style><h2 class=\"elementor-heading-title elementor-size-default\">Pol\u00edtica de cookies de Automaise<\/h2>\t\t<\/div>\n\t\t\t\t<\/div>\n\t\t\t\t<div class=\"elementor-element elementor-element-0f93bc0 elementor-widget elementor-widget-text-editor\" data-id=\"0f93bc0\" data-element_type=\"widget\" data-widget_type=\"text-editor.default\">\n\t\t\t\t<div class=\"elementor-widget-container\">\n\t\t\t<style>\/*! elementor - v3.19.0 - 28-02-2024 *\/\n.elementor-widget-text-editor.elementor-drop-cap-view-stacked .elementor-drop-cap{background-color:#69727d;color:#fff}.elementor-widget-text-editor.elementor-drop-cap-view-framed .elementor-drop-cap{color:#69727d;border:3px solid;background-color:transparent}.elementor-widget-text-editor:not(.elementor-drop-cap-view-default) .elementor-drop-cap{margin-top:8px}.elementor-widget-text-editor:not(.elementor-drop-cap-view-default) .elementor-drop-cap-letter{width:1em;height:1em}.elementor-widget-text-editor .elementor-drop-cap{float:left;text-align:center;line-height:1;font-size:50px}.elementor-widget-text-editor .elementor-drop-cap-letter{display:inline-block}<\/style>\t\t\t\t<p><\/p>\n<p><span style=\"background-color: transparent; font-size: 16px; color: var( --e-global-color-text ); font-family: var( --e-global-typography-text-font-family ), Sans-serif; font-weight: var( --e-global-typography-text-font-weight );\">Esta es la Pol\u00edtica de Cookies de Automaise, accesible desde <span style=\"text-decoration: underline;\"><a href=\"https:\/\/automaise.com\/\" target=\"_blank\" rel=\"noopener\"><strong>www.automaise.com<\/strong><\/a><\/span><\/span><\/p>\n<h2><strong>Qu\u00e9 son las cookies<\/strong><\/h2>\n<p>Como es pr\u00e1ctica habitual en casi todos los sitios web profesionales, este sitio utiliza cookies, que son peque\u00f1os archivos que se descargan en tu ordenador, para mejorar tu experiencia.\nEsta p\u00e1gina describe qu\u00e9 informaci\u00f3n recopilan, c\u00f3mo la utilizamos y por qu\u00e9 a veces necesitamos almacenar estas cookies.\nTambi\u00e9n te explicaremos c\u00f3mo puedes evitar que se almacenen estas cookies, aunque esto puede degradar o &#8220;romper&#8221; ciertos elementos de la funcionalidad de los sitios.  <\/p>\n<h2><strong>C\u00f3mo utilizamos las cookies<\/strong><\/h2>\n<p>Utilizamos cookies por diversas razones que se detallan a continuaci\u00f3n.\nLamentablemente, en la mayor\u00eda de los casos no existen opciones est\u00e1ndar para desactivar las cookies sin desactivar por completo la funcionalidad y las caracter\u00edsticas que a\u00f1aden a este sitio.\nSe recomienda que dejes activadas todas las cookies si no est\u00e1s seguro de si las necesitas o no en caso de que se utilicen para prestar un servicio que t\u00fa utilizas.  <\/p>\n<h2><strong>Desactivar las cookies<\/strong><\/h2>\n<p>Puedes impedir la instalaci\u00f3n de cookies ajustando la configuraci\u00f3n de tu navegador (consulta la Ayuda de tu navegador para saber c\u00f3mo hacerlo).\nTen en cuenta que deshabilitar las cookies afectar\u00e1 a la funcionalidad de \u00e9ste y de muchos otros sitios web que visites.\nDeshabilitar las cookies normalmente implicar\u00e1 tambi\u00e9n deshabilitar ciertas funciones y caracter\u00edsticas de este sitio.\nPor lo tanto, se recomienda que no desactives las cookies.\nEsta Pol\u00edtica de Cookies fue creada con la ayuda de la    &nbsp;<a href=\"https:\/\/www.cookiepolicygenerator.com\/cookie-policy-generator\/\" target=\"_blank\" rel=\"noopener\">Generador de la Pol\u00edtica de Cookies<\/a>.<\/p>\n<h2><strong>Las cookies que instalamos<\/strong><\/h2>\n<ul>\n<li>Cookies relacionadas con formulariosCuando env\u00edas datos a trav\u00e9s de un formulario, como los que se encuentran en las p\u00e1ginas de contacto o en los formularios de comentarios, se pueden establecer cookies para recordar tus datos de usuario para futuras correspondencias.<\/li>\n<li>Cookies de preferencias del sitioCon el fin de proporcionarte una gran experiencia en este sitio, te ofrecemos la funcionalidad de establecer tus preferencias sobre c\u00f3mo funciona este sitio cuando lo utilizas.\nCon el fin de recordar tus preferencias necesitamos establecer cookies para que esta informaci\u00f3n pueda ser llamada cada vez que interact\u00faes con una p\u00e1gina se vea afectada por tus preferencias. <\/li>\n<\/ul>\n<h2><strong>Cookies de terceros<\/strong><\/h2>\n<p>En algunos casos especiales tambi\u00e9n utilizamos cookies proporcionadas por terceros de confianza.\nLa siguiente secci\u00f3n detalla qu\u00e9 cookies de terceros puedes encontrar a trav\u00e9s de este sitio. <\/p>\n<ul>\n<li>Este sitio utiliza Google Analytics, una de las soluciones anal\u00edticas m\u00e1s extendidas y fiables de la web, que nos ayuda a comprender c\u00f3mo utilizas el sitio y c\u00f3mo podemos mejorar tu experiencia.\nEstas cookies pueden rastrear cosas como el tiempo que pasas en el sitio y las p\u00e1ginas que visitas para que podamos seguir produciendo contenidos atractivos.Para obtener m\u00e1s informaci\u00f3n sobre las cookies de Google Analytics, consulta la p\u00e1gina oficial de Google Analytics. <\/li>\n<li>Los an\u00e1lisis de terceros se utilizan para rastrear y medir el uso de este sitio para que podamos seguir produciendo contenido atractivo.\nEstas cookies pueden rastrear cosas como el tiempo que pasas en el sitio o las p\u00e1ginas que visitas, lo que nos ayuda a entender c\u00f3mo podemos mejorar el sitio para ti. <\/li>\n<li>De vez en cuando probamos nuevas funciones y hacemos cambios sutiles en la forma en que se ofrece el sitio.\nCuando todav\u00eda estamos probando nuevas funciones, estas cookies se pueden utilizar para asegurar que recibes una experiencia consistente mientras est\u00e1s en el sitio, a la vez que nos aseguramos de entender qu\u00e9 optimizaciones aprecian m\u00e1s nuestros usuarios. <\/li>\n<li>Como vendemos productos, es importante para nosotros conocer las estad\u00edsticas sobre cu\u00e1ntos de los visitantes de nuestro sitio realizan realmente una compra y, como tal, \u00e9ste es el tipo de datos que rastrear\u00e1n estas cookies.\nEsto es importante para ti, ya que significa que podemos hacer predicciones comerciales precisas que nos permiten controlar nuestra publicidad y los costes de los productos para garantizar el mejor precio posible. <\/li>\n<li>Tambi\u00e9n utilizamos botones y\/o plugins de redes sociales en este sitio que te permiten conectar con tu red social de diversas formas. Para que funcionen, los siguientes sitios de redes sociales, entre los que se incluyen: {Lista las redes sociales cuyas funciones has integrado en tu sitio&#8230;12}, instalar\u00e1n cookies a trav\u00e9s de nuestro sitio que pueden utilizarse para mejorar tu perfil en su sitio o contribuir a los datos que poseen para diversos fines descritos en sus respectivas pol\u00edticas de privacidad.<\/li>\n<\/ul>\n<h2><strong>M\u00e1s informaci\u00f3n<\/strong><\/h2>\n<p>Espero que esto te haya aclarado las cosas y, como se ha mencionado anteriormente, si hay algo que no est\u00e1s seguro de si necesitas o no, normalmente es m\u00e1s seguro dejar las cookies activadas por si interact\u00faan con alguna de las funciones que utilizas en nuestro sitio.<\/p>\n<p>Para obtener m\u00e1s informaci\u00f3n general sobre las cookies, lee el<a href=\"https:\/\/www.cookiepolicygenerator.com\/sample-cookies-policy\/\" target=\"_blank\" rel=\"noopener\">art\u00edculo<\/a>&nbsp;<a href=\"https:\/\/www.cookiepolicygenerator.com\/sample-cookies-policy\/\" target=\"_blank\" rel=\"noopener\">Pol\u00edtica de cookies<\/a>.<\/p>\n<p>No obstante, si sigues buscando m\u00e1s informaci\u00f3n, puedes ponerte en contacto con nosotros a trav\u00e9s de uno de nuestros m\u00e9todos de contacto preferidos:<\/p>\n<ul>\n<li style=\"list-style-type: none;\">\n<ul>\n<li style=\"list-style-type: none;\">\n<ul>\n<li>Correo electr\u00f3nico:&nbsp;hello@automaise.com<\/li>\n<\/ul>\n<\/li>\n<\/ul>\n<\/li>\n<\/ul>\n<p><\/p>\n<p><\/p>\n<p>Automaise \u00a9 2024<\/p>\n<p><\/p>\t\t\t\t\t\t<\/div>\n\t\t\t\t<\/div>\n\t\t\t\t<\/div>\n\t\t\t\t\t<\/div>\n\t\t\t\t<\/div>\n\t\t\t\t<\/div>\n\t\t","protected":false},"excerpt":{"rendered":"<p>Pol\u00edtica de cookies de Automaise Esta es la Pol\u00edtica de Cookies de Automaise, accesible desde www.automaise.com Qu\u00e9 son las cookies Como es pr\u00e1ctica habitual en casi todos los sitios web profesionales, este sitio utiliza cookies, que son peque\u00f1os archivos que se descargan en tu ordenador, para mejorar tu experiencia. Esta p\u00e1gina describe qu\u00e9 informaci\u00f3n recopilan, [&hellip;]<\/p>\n","protected":false},"author":1,"featured_media":0,"parent":0,"menu_order":0,"comment_status":"closed","ping_status":"closed","template":"","meta":{"footnotes":""},"class_list":["post-12190","page","type-page","status-publish","hentry"],"_links":{"self":[{"href":"https:\/\/www.automaise.com\/es\/wp-json\/wp\/v2\/pages\/12190","targetHints":{"allow":["GET"]}}],"collection":[{"href":"https:\/\/www.automaise.com\/es\/wp-json\/wp\/v2\/pages"}],"about":[{"href":"https:\/\/www.automaise.com\/es\/wp-json\/wp\/v2\/types\/page"}],"author":[{"embeddable":true,"href":"https:\/\/www.automaise.com\/es\/wp-json\/wp\/v2\/users\/1"}],"replies":[{"embeddable":true,"href":"https:\/\/www.automaise.com\/es\/wp-json\/wp\/v2\/comments?post=12190"}],"version-history":[{"count":1,"href":"https:\/\/www.automaise.com\/es\/wp-json\/wp\/v2\/pages\/12190\/revisions"}],"predecessor-version":[{"id":12191,"href":"https:\/\/www.automaise.com\/es\/wp-json\/wp\/v2\/pages\/12190\/revisions\/12191"}],"wp:attachment":[{"href":"https:\/\/www.automaise.com\/es\/wp-json\/wp\/v2\/media?parent=12190"}],"curies":[{"name":"wp","href":"https:\/\/api.w.org\/{rel}","templated":true}]}}