{"id":12228,"date":"2024-07-18T16:47:20","date_gmt":"2024-07-18T16:47:20","guid":{"rendered":"https:\/\/www.automaise.com\/aviso-de-traduccion\/"},"modified":"2024-08-02T10:59:44","modified_gmt":"2024-08-02T10:59:44","slug":"aviso-de-traduccion","status":"publish","type":"page","link":"https:\/\/www.automaise.com\/es\/aviso-de-traduccion\/","title":{"rendered":"Aviso de Traducci\u00f3n"},"content":{"rendered":"<style>.elementor-12228 .elementor-element.elementor-element-6a0fed5{--display:flex;--min-height:0px;--flex-direction:column;--container-widget-width:calc( ( 1 - var( --container-widget-flex-grow ) ) * 100% );--container-widget-height:initial;--container-widget-flex-grow:0;--container-widget-align-self:initial;--justify-content:center;--align-items:center;--gap:10px 10px;--flex-wrap:wrap;--background-transition:0.3s;--padding-block-start:050px;--padding-block-end:10px;--padding-inline-start:30px;--padding-inline-end:30px;}.elementor-12228 .elementor-element.elementor-element-d4f0740{--display:flex;--background-transition:0.3s;}.elementor-12228 .elementor-element.elementor-element-dd5d16c .elementor-heading-title{color:var( --e-global-color-secondary );font-family:var( --e-global-typography-2a77ca3-font-family ), Sans-serif;font-size:var( --e-global-typography-2a77ca3-font-size );font-weight:var( --e-global-typography-2a77ca3-font-weight );text-transform:var( --e-global-typography-2a77ca3-text-transform );font-style:var( --e-global-typography-2a77ca3-font-style );text-decoration:var( --e-global-typography-2a77ca3-text-decoration );line-height:var( --e-global-typography-2a77ca3-line-height );letter-spacing:var( --e-global-typography-2a77ca3-letter-spacing );word-spacing:var( --e-global-typography-2a77ca3-word-spacing );}.elementor-12228 .elementor-element.elementor-element-0f93bc0{color:var( --e-global-color-3f00146 );}@media(max-width:1024px){.elementor-12228 .elementor-element.elementor-element-dd5d16c .elementor-heading-title{font-size:var( --e-global-typography-2a77ca3-font-size );line-height:var( --e-global-typography-2a77ca3-line-height );letter-spacing:var( --e-global-typography-2a77ca3-letter-spacing );word-spacing:var( --e-global-typography-2a77ca3-word-spacing );}}@media(min-width:768px){.elementor-12228 .elementor-element.elementor-element-6a0fed5{--content-width:1128px;}}@media(max-width:767px){.elementor-12228 .elementor-element.elementor-element-6a0fed5{--padding-block-start:20px;--padding-block-end:20px;--padding-inline-start:20px;--padding-inline-end:20px;}.elementor-12228 .elementor-element.elementor-element-dd5d16c .elementor-heading-title{font-size:var( --e-global-typography-2a77ca3-font-size );line-height:var( --e-global-typography-2a77ca3-line-height );letter-spacing:var( --e-global-typography-2a77ca3-letter-spacing );word-spacing:var( --e-global-typography-2a77ca3-word-spacing );}}<\/style>\t\t<div data-elementor-type=\"wp-page\" data-elementor-id=\"12228\" class=\"elementor elementor-12228 elementor-11801\" data-elementor-post-type=\"page\">\n\t\t\t\t<div class=\"elementor-element elementor-element-6a0fed5 e-flex e-con-boxed e-con e-parent\" data-id=\"6a0fed5\" data-element_type=\"container\" data-settings=\"{&quot;jet_parallax_layout_list&quot;:[],&quot;container_type&quot;:&quot;flex&quot;,&quot;content_width&quot;:&quot;boxed&quot;}\" data-core-v316-plus=\"true\">\n\t\t\t\t\t<div class=\"e-con-inner\">\n\t\t<div class=\"elementor-element elementor-element-d4f0740 e-con-full e-flex e-con e-child\" data-id=\"d4f0740\" data-element_type=\"container\" data-settings=\"{&quot;content_width&quot;:&quot;full&quot;,&quot;jet_parallax_layout_list&quot;:[],&quot;container_type&quot;:&quot;flex&quot;}\">\n\t\t\t\t<div class=\"elementor-element elementor-element-dd5d16c elementor-widget elementor-widget-heading\" data-id=\"dd5d16c\" data-element_type=\"widget\" data-widget_type=\"heading.default\">\n\t\t\t\t<div class=\"elementor-widget-container\">\n\t\t\t<style>\/*! elementor - v3.19.0 - 28-02-2024 *\/\n.elementor-heading-title{padding:0;margin:0;line-height:1}.elementor-widget-heading .elementor-heading-title[class*=elementor-size-]>a{color:inherit;font-size:inherit;line-height:inherit}.elementor-widget-heading .elementor-heading-title.elementor-size-small{font-size:15px}.elementor-widget-heading .elementor-heading-title.elementor-size-medium{font-size:19px}.elementor-widget-heading .elementor-heading-title.elementor-size-large{font-size:29px}.elementor-widget-heading .elementor-heading-title.elementor-size-xl{font-size:39px}.elementor-widget-heading .elementor-heading-title.elementor-size-xxl{font-size:59px}<\/style><h2 class=\"elementor-heading-title elementor-size-default\">Aviso de Traducci\u00f3n<\/h2>\t\t<\/div>\n\t\t\t\t<\/div>\n\t\t\t\t<div class=\"elementor-element elementor-element-0f93bc0 elementor-widget elementor-widget-text-editor\" data-id=\"0f93bc0\" data-element_type=\"widget\" data-widget_type=\"text-editor.default\">\n\t\t\t\t<div class=\"elementor-widget-container\">\n\t\t\t<style>\/*! elementor - v3.19.0 - 28-02-2024 *\/\n.elementor-widget-text-editor.elementor-drop-cap-view-stacked .elementor-drop-cap{background-color:#69727d;color:#fff}.elementor-widget-text-editor.elementor-drop-cap-view-framed .elementor-drop-cap{color:#69727d;border:3px solid;background-color:transparent}.elementor-widget-text-editor:not(.elementor-drop-cap-view-default) .elementor-drop-cap{margin-top:8px}.elementor-widget-text-editor:not(.elementor-drop-cap-view-default) .elementor-drop-cap-letter{width:1em;height:1em}.elementor-widget-text-editor .elementor-drop-cap{float:left;text-align:center;line-height:1;font-size:50px}.elementor-widget-text-editor .elementor-drop-cap-letter{display:inline-block}<\/style>\t\t\t\t<p>Este sitio web ha sido traducido con el plugin WPML.<br \/>\nHemos realizado esfuerzos razonables para garantizar la exactitud de la traducci\u00f3n, pero las traducciones autom\u00e1ticas no son perfectas y no deben sustituir a los traductores humanos.<br \/>\nEstas traducciones se proporcionan &#8220;tal cual&#8221; como un servicio a los usuarios.<br \/>\nNo existen garant\u00edas sobre la exactitud, fiabilidad o correcci\u00f3n de las traducciones del ingl\u00e9s a otros idiomas.   <\/p>\n<p>La versi\u00f3n inglesa del sitio web es el texto oficial.<br \/>\nCualquier diferencia o discrepancia en las traducciones no es vinculante y no tiene ning\u00fan efecto legal.<br \/>\nSi tienes dudas sobre la exactitud de la informaci\u00f3n traducida, consulta la versi\u00f3n oficial en ingl\u00e9s del sitio web.  <\/p>\n\t\t\t\t\t\t<\/div>\n\t\t\t\t<\/div>\n\t\t\t\t<\/div>\n\t\t\t\t\t<\/div>\n\t\t\t\t<\/div>\n\t\t\t\t<\/div>\n\t\t","protected":false},"excerpt":{"rendered":"<p>Aviso de Traducci\u00f3n Este sitio web ha sido traducido con el plugin WPML. Hemos realizado esfuerzos razonables para garantizar la exactitud de la traducci\u00f3n, pero las traducciones autom\u00e1ticas no son perfectas y no deben sustituir a los traductores humanos. Estas traducciones se proporcionan &#8220;tal cual&#8221; como un servicio a los usuarios. No existen garant\u00edas sobre [&hellip;]<\/p>\n","protected":false},"author":1,"featured_media":0,"parent":0,"menu_order":0,"comment_status":"closed","ping_status":"closed","template":"","meta":{"footnotes":""},"class_list":["post-12228","page","type-page","status-publish","hentry"],"_links":{"self":[{"href":"https:\/\/www.automaise.com\/es\/wp-json\/wp\/v2\/pages\/12228","targetHints":{"allow":["GET"]}}],"collection":[{"href":"https:\/\/www.automaise.com\/es\/wp-json\/wp\/v2\/pages"}],"about":[{"href":"https:\/\/www.automaise.com\/es\/wp-json\/wp\/v2\/types\/page"}],"author":[{"embeddable":true,"href":"https:\/\/www.automaise.com\/es\/wp-json\/wp\/v2\/users\/1"}],"replies":[{"embeddable":true,"href":"https:\/\/www.automaise.com\/es\/wp-json\/wp\/v2\/comments?post=12228"}],"version-history":[{"count":1,"href":"https:\/\/www.automaise.com\/es\/wp-json\/wp\/v2\/pages\/12228\/revisions"}],"predecessor-version":[{"id":12229,"href":"https:\/\/www.automaise.com\/es\/wp-json\/wp\/v2\/pages\/12228\/revisions\/12229"}],"wp:attachment":[{"href":"https:\/\/www.automaise.com\/es\/wp-json\/wp\/v2\/media?parent=12228"}],"curies":[{"name":"wp","href":"https:\/\/api.w.org\/{rel}","templated":true}]}}