{"id":11742,"date":"2023-09-01T14:25:43","date_gmt":"2023-09-01T14:25:43","guid":{"rendered":"https:\/\/www.automaise.com\/responsible-ai\/"},"modified":"2025-02-20T14:41:16","modified_gmt":"2025-02-20T14:41:16","slug":"responsible-ai","status":"publish","type":"page","link":"https:\/\/www.automaise.com\/pt-pt\/responsible-ai\/","title":{"rendered":"Responsible AI"},"content":{"rendered":"<style>.elementor-11742 .elementor-element.elementor-element-effc16d{--display:flex;--min-height:313px;--flex-direction:column;--container-widget-width:calc( ( 1 - var( --container-widget-flex-grow ) ) * 100% );--container-widget-height:initial;--container-widget-flex-grow:0;--container-widget-align-self:initial;--justify-content:center;--align-items:center;--background-transition:0.3s;--overlay-opacity:0.08;}.elementor-11742 .elementor-element.elementor-element-effc16d:not(.elementor-motion-effects-element-type-background), .elementor-11742 .elementor-element.elementor-element-effc16d > .elementor-motion-effects-container > .elementor-motion-effects-layer{background-color:var( --e-global-color-secondary );}.elementor-11742 .elementor-element.elementor-element-effc16d::before, .elementor-11742 .elementor-element.elementor-element-effc16d > .elementor-background-video-container::before, .elementor-11742 .elementor-element.elementor-element-effc16d > .e-con-inner > .elementor-background-video-container::before, .elementor-11742 .elementor-element.elementor-element-effc16d > .elementor-background-slideshow::before, .elementor-11742 .elementor-element.elementor-element-effc16d > .e-con-inner > .elementor-background-slideshow::before, .elementor-11742 .elementor-element.elementor-element-effc16d > .elementor-motion-effects-container > .elementor-motion-effects-layer::before{--background-overlay:'';background-image:var(--e-bg-lazyload-loaded);--e-bg-lazyload:url(\"https:\/\/www.automaise.com\/wp-content\/uploads\/2023\/05\/BACKGROUND_EFFECT_03.png\");background-position:top right;background-repeat:no-repeat;background-size:cover;}.elementor-11742 .elementor-element.elementor-element-effc16d, .elementor-11742 .elementor-element.elementor-element-effc16d::before{--border-transition:0.3s;}.elementor-11742 .elementor-element.elementor-element-dd5d16c .elementor-heading-title{color:var( --e-global-color-8604461 );font-family:var( --e-global-typography-e702542-font-family ), Sans-serif;font-size:var( --e-global-typography-e702542-font-size );font-weight:var( --e-global-typography-e702542-font-weight );text-transform:var( --e-global-typography-e702542-text-transform );font-style:var( --e-global-typography-e702542-font-style );text-decoration:var( --e-global-typography-e702542-text-decoration );line-height:var( --e-global-typography-e702542-line-height );letter-spacing:var( --e-global-typography-e702542-letter-spacing );word-spacing:var( --e-global-typography-e702542-word-spacing );}.elementor-11742 .elementor-element.elementor-element-6a0fed5{--display:flex;--min-height:1021px;--flex-direction:column;--container-widget-width:calc( ( 1 - var( --container-widget-flex-grow ) ) * 100% );--container-widget-height:initial;--container-widget-flex-grow:0;--container-widget-align-self:initial;--justify-content:flex-start;--align-items:center;--gap:10px 10px;--flex-wrap:wrap;--background-transition:0.3s;--padding-block-start:050px;--padding-block-end:010px;--padding-inline-start:10px;--padding-inline-end:10px;}.elementor-11742 .elementor-element.elementor-element-d4f0740{--display:flex;--background-transition:0.3s;}.elementor-11742 .elementor-element.elementor-element-0f93bc0{color:var( --e-global-color-3f00146 );}.elementor-11742 .elementor-element.elementor-element-953902f{text-align:left;width:var( --container-widget-width, 39% );max-width:39%;--container-widget-width:39%;--container-widget-flex-grow:0;}.elementor-11742 .elementor-element.elementor-element-953902f img{width:100%;max-width:100%;border-radius:0px 0px 0px 0px;}.elementor-11742 .elementor-element.elementor-element-953902f.elementor-element{--align-self:flex-start;--flex-grow:0;--flex-shrink:0;}@media(min-width:768px){.elementor-11742 .elementor-element.elementor-element-6a0fed5{--content-width:1128px;}}@media(max-width:1024px){.elementor-11742 .elementor-element.elementor-element-dd5d16c .elementor-heading-title{font-size:var( --e-global-typography-e702542-font-size );line-height:var( --e-global-typography-e702542-line-height );letter-spacing:var( --e-global-typography-e702542-letter-spacing );word-spacing:var( --e-global-typography-e702542-word-spacing );}}@media(max-width:767px){.elementor-11742 .elementor-element.elementor-element-dd5d16c .elementor-heading-title{font-size:var( --e-global-typography-e702542-font-size );line-height:var( --e-global-typography-e702542-line-height );letter-spacing:var( --e-global-typography-e702542-letter-spacing );word-spacing:var( --e-global-typography-e702542-word-spacing );}}<\/style>\t\t<div data-elementor-type=\"wp-page\" data-elementor-id=\"11742\" class=\"elementor elementor-11742 elementor-6888\" data-elementor-post-type=\"page\">\n\t\t\t\t<div class=\"elementor-element elementor-element-effc16d e-flex e-con-boxed e-con e-parent\" data-id=\"effc16d\" data-element_type=\"container\" data-settings=\"{&quot;background_background&quot;:&quot;classic&quot;,&quot;jet_parallax_layout_list&quot;:[],&quot;container_type&quot;:&quot;flex&quot;,&quot;content_width&quot;:&quot;boxed&quot;}\" data-e-bg-lazyload=\"\" data-core-v316-plus=\"true\">\n\t\t\t\t\t<div class=\"e-con-inner\">\n\t\t\t\t<div class=\"elementor-element elementor-element-dd5d16c elementor-widget elementor-widget-heading\" data-id=\"dd5d16c\" data-element_type=\"widget\" data-widget_type=\"heading.default\">\n\t\t\t\t<div class=\"elementor-widget-container\">\n\t\t\t<style>\/*! elementor - v3.19.0 - 28-02-2024 *\/\n.elementor-heading-title{padding:0;margin:0;line-height:1}.elementor-widget-heading .elementor-heading-title[class*=elementor-size-]>a{color:inherit;font-size:inherit;line-height:inherit}.elementor-widget-heading .elementor-heading-title.elementor-size-small{font-size:15px}.elementor-widget-heading .elementor-heading-title.elementor-size-medium{font-size:19px}.elementor-widget-heading .elementor-heading-title.elementor-size-large{font-size:29px}.elementor-widget-heading .elementor-heading-title.elementor-size-xl{font-size:39px}.elementor-widget-heading .elementor-heading-title.elementor-size-xxl{font-size:59px}<\/style><h2 class=\"elementor-heading-title elementor-size-default\">Center For Responsible AI<\/h2>\t\t<\/div>\n\t\t\t\t<\/div>\n\t\t\t\t\t<\/div>\n\t\t\t\t<\/div>\n\t\t<div class=\"elementor-element elementor-element-6a0fed5 e-flex e-con-boxed e-con e-parent\" data-id=\"6a0fed5\" data-element_type=\"container\" data-settings=\"{&quot;jet_parallax_layout_list&quot;:[],&quot;container_type&quot;:&quot;flex&quot;,&quot;content_width&quot;:&quot;boxed&quot;}\" data-core-v316-plus=\"true\">\n\t\t\t\t\t<div class=\"e-con-inner\">\n\t\t<div class=\"elementor-element elementor-element-d4f0740 e-con-full e-flex e-con e-child\" data-id=\"d4f0740\" data-element_type=\"container\" data-settings=\"{&quot;content_width&quot;:&quot;full&quot;,&quot;jet_parallax_layout_list&quot;:[],&quot;container_type&quot;:&quot;flex&quot;}\">\n\t\t\t\t<div class=\"elementor-element elementor-element-0f93bc0 elementor-widget elementor-widget-text-editor\" data-id=\"0f93bc0\" data-element_type=\"widget\" data-widget_type=\"text-editor.default\">\n\t\t\t\t<div class=\"elementor-widget-container\">\n\t\t\t<style>\/*! elementor - v3.19.0 - 28-02-2024 *\/\n.elementor-widget-text-editor.elementor-drop-cap-view-stacked .elementor-drop-cap{background-color:#69727d;color:#fff}.elementor-widget-text-editor.elementor-drop-cap-view-framed .elementor-drop-cap{color:#69727d;border:3px solid;background-color:transparent}.elementor-widget-text-editor:not(.elementor-drop-cap-view-default) .elementor-drop-cap{margin-top:8px}.elementor-widget-text-editor:not(.elementor-drop-cap-view-default) .elementor-drop-cap-letter{width:1em;height:1em}.elementor-widget-text-editor .elementor-drop-cap{float:left;text-align:center;line-height:1;font-size:50px}.elementor-widget-text-editor .elementor-drop-cap-letter{display:inline-block}<\/style>\t\t\t\t<h3><b>DESCRI\u00c7\u00c3O DO PROJETO<\/b><\/h3>\n<p><span style=\"font-weight: 400;\"><strong>N\u00famero de projeto:<\/strong> 62<\/span><\/p>\n<p><span style=\"font-weight: 400;\"><strong>Resumo:<\/strong> O presente projeto visa criar a pr\u00f3xima gera\u00e7\u00e3o de produtos de Intelig\u00eancia Artificial (IA) assentes em tecnologias de IA Respons\u00e1vel. Para tal, foi constitu\u00eddo o Center for Responsible AI, composto por 25 renomeados parceiros empresariais e do sistema de I&amp;ID, assegurando todo o ciclo de inova\u00e7\u00e3o, desde a fase de I&amp;D at\u00e9 \u00e0 de comercializa\u00e7\u00e3o, por forma a colocar o pa\u00eds e a Europa na vanguarda deste dom\u00ednio.\u200b<\/span><\/p>\n<p><span style=\"font-weight: 400;\"><strong>Data de conclus\u00e3o:<\/strong> 31-12-2025<\/span><\/p>\n<h3><b>OBJETIVOS\u200b<\/b><\/h3>\n<ol>\n<li style=\"font-weight: 400;\" aria-level=\"1\"><span style=\"font-weight: 400;\">Desenvolver a pr\u00f3xima gera\u00e7\u00e3o de produtos de Intelig\u00eancia Artificial, apoiados por tecnologias avan\u00e7adas de IA respons\u00e1vel, com o objetivo de gerar mais de 217 milh\u00f5es de euros em exporta\u00e7\u00f5es;<\/span><\/li>\n<li style=\"font-weight: 400;\" aria-level=\"1\"><span style=\"font-weight: 400;\">Criar cerca de 215 novos postos de trabalho altamente qualificados, e permitir ainda a conclus\u00e3o de cerca de 50 novos doutoramentos e 80 novos mestrados;\u200b<\/span><\/li>\n<li style=\"font-weight: 400;\" aria-level=\"1\"><span style=\"font-weight: 400;\">O desenvolvimento de tecnologias de IA eficiente e sustent\u00e1vel, e, bem assim, de uma solu\u00e7\u00e3o de certifica\u00e7\u00e3o energ\u00e9tica, contribuindo assim para a transi\u00e7\u00e3o verde;<\/span><\/li>\n<li style=\"font-weight: 400;\" aria-level=\"1\"><span style=\"font-weight: 400;\">Promover a coes\u00e3o territorial e sinergias nacionais e internacionais, bem como entre academia e ind\u00fastria; e, entre outros;<\/span><\/li>\n<li style=\"font-weight: 400;\" aria-level=\"1\"><span style=\"font-weight: 400;\">Posicionar Portugal como l\u00edder mundial em princ\u00edpios e pol\u00edticas de IA Respons\u00e1vel de forma a influenciar a regulamenta\u00e7\u00e3o europeia e a atrair talento internacional e investimento estrangeiro. <\/span><\/li>\n<\/ol>\n<h2><b>INVESTIMENTO<\/b><\/h2>\n<p><span style=\"font-weight: 400;\"><strong>Investimento eleg\u00edvel copromotor:<\/strong> 76.831.453,00 EUR <\/span><\/p>\n<p><span style=\"font-weight: 400;\"><strong>Incentivo copromotor:<\/strong> 2.628.142,00 EUR<\/span><\/p>\n<p><strong>Para mais informa\u00e7\u00f5es consultar o link:<\/strong> <span style=\"text-decoration: underline;\"><a href=\"http:\/\/www.recuperarportugal.gov.pt\/\" data-wplink-edit=\"true\" target=\"_blank\" rel=\"noopener\">www.recuperarportugal.gov.pt<\/a><\/span><\/p>\n\t\t\t\t\t\t<\/div>\n\t\t\t\t<\/div>\n\t\t\t\t<div class=\"elementor-element elementor-element-953902f elementor-widget__width-initial elementor-widget elementor-widget-image\" data-id=\"953902f\" data-element_type=\"widget\" data-widget_type=\"image.default\">\n\t\t\t\t<div class=\"elementor-widget-container\">\n\t\t\t<style>\/*! elementor - v3.19.0 - 28-02-2024 *\/\n.elementor-widget-image{text-align:center}.elementor-widget-image a{display:inline-block}.elementor-widget-image a img[src$=\".svg\"]{width:48px}.elementor-widget-image img{vertical-align:middle;display:inline-block}<\/style>\t\t\t\t\t\t\t\t\t\t\t<a href=\"http:\/\/www.recuperarportugal.gov.pt\/\" target=\"_blank\" rel=\"noopener\">\n\t\t\t\t\t\t\t<img fetchpriority=\"high\" decoding=\"async\" width=\"800\" height=\"116\" src=\"https:\/\/www.automaise.com\/wp-content\/uploads\/2025\/02\/BARRA-01-1024x148.png\" class=\"attachment-large size-large wp-image-15138\" alt=\"\" srcset=\"https:\/\/www.automaise.com\/wp-content\/uploads\/2025\/02\/BARRA-01-1024x148.png 1024w, https:\/\/www.automaise.com\/wp-content\/uploads\/2025\/02\/BARRA-01-300x43.png 300w, https:\/\/www.automaise.com\/wp-content\/uploads\/2025\/02\/BARRA-01-768x111.png 768w, https:\/\/www.automaise.com\/wp-content\/uploads\/2025\/02\/BARRA-01-1536x222.png 1536w, https:\/\/www.automaise.com\/wp-content\/uploads\/2025\/02\/BARRA-01.png 1920w\" sizes=\"(max-width: 800px) 100vw, 800px\">\t\t\t\t\t\t\t\t<\/a>\n\t\t\t\t\t\t\t\t\t\t\t\t\t<\/div>\n\t\t\t\t<\/div>\n\t\t\t\t<\/div>\n\t\t\t\t\t<\/div>\n\t\t\t\t<\/div>\n\t\t\t\t<\/div>\n\t\t","protected":false},"excerpt":{"rendered":"<p>Center For Responsible AI DESCRI\u00c7\u00c3O DO PROJETO N\u00famero de projeto: 62 Resumo: O presente projeto visa criar a pr\u00f3xima gera\u00e7\u00e3o de produtos de Intelig\u00eancia Artificial (IA) assentes em tecnologias de IA Respons\u00e1vel. Para tal, foi constitu\u00eddo o Center for Responsible AI, composto por 25 renomeados parceiros empresariais e do sistema de I&amp;ID, assegurando todo o [&hellip;]<\/p>\n","protected":false},"author":1,"featured_media":0,"parent":0,"menu_order":0,"comment_status":"closed","ping_status":"closed","template":"","meta":{"footnotes":""},"class_list":["post-11742","page","type-page","status-publish","hentry"],"_links":{"self":[{"href":"https:\/\/www.automaise.com\/pt-pt\/wp-json\/wp\/v2\/pages\/11742","targetHints":{"allow":["GET"]}}],"collection":[{"href":"https:\/\/www.automaise.com\/pt-pt\/wp-json\/wp\/v2\/pages"}],"about":[{"href":"https:\/\/www.automaise.com\/pt-pt\/wp-json\/wp\/v2\/types\/page"}],"author":[{"embeddable":true,"href":"https:\/\/www.automaise.com\/pt-pt\/wp-json\/wp\/v2\/users\/1"}],"replies":[{"embeddable":true,"href":"https:\/\/www.automaise.com\/pt-pt\/wp-json\/wp\/v2\/comments?post=11742"}],"version-history":[{"count":5,"href":"https:\/\/www.automaise.com\/pt-pt\/wp-json\/wp\/v2\/pages\/11742\/revisions"}],"predecessor-version":[{"id":15146,"href":"https:\/\/www.automaise.com\/pt-pt\/wp-json\/wp\/v2\/pages\/11742\/revisions\/15146"}],"wp:attachment":[{"href":"https:\/\/www.automaise.com\/pt-pt\/wp-json\/wp\/v2\/media?parent=11742"}],"curies":[{"name":"wp","href":"https:\/\/api.w.org\/{rel}","templated":true}]}}