{"id":11746,"date":"2023-08-04T09:27:46","date_gmt":"2023-08-04T09:27:46","guid":{"rendered":"https:\/\/www.automaise.com\/politica-de-cookies\/"},"modified":"2024-07-25T11:43:32","modified_gmt":"2024-07-25T11:43:32","slug":"politica-de-cookies","status":"publish","type":"page","link":"https:\/\/www.automaise.com\/pt-pt\/politica-de-cookies\/","title":{"rendered":"Pol\u00edtica de Cookies"},"content":{"rendered":"<style>.elementor-11746 .elementor-element.elementor-element-6a0fed5{--display:flex;--min-height:0px;--flex-direction:column;--container-widget-width:calc( ( 1 - var( --container-widget-flex-grow ) ) * 100% );--container-widget-height:initial;--container-widget-flex-grow:0;--container-widget-align-self:initial;--justify-content:center;--align-items:center;--gap:10px 10px;--flex-wrap:wrap;--background-transition:0.3s;--padding-block-start:050px;--padding-block-end:10px;--padding-inline-start:30px;--padding-inline-end:30px;}.elementor-11746 .elementor-element.elementor-element-d4f0740{--display:flex;--background-transition:0.3s;}.elementor-11746 .elementor-element.elementor-element-dd5d16c .elementor-heading-title{color:var( --e-global-color-secondary );font-family:var( --e-global-typography-2a77ca3-font-family ), Sans-serif;font-size:var( --e-global-typography-2a77ca3-font-size );font-weight:var( --e-global-typography-2a77ca3-font-weight );text-transform:var( --e-global-typography-2a77ca3-text-transform );font-style:var( --e-global-typography-2a77ca3-font-style );text-decoration:var( --e-global-typography-2a77ca3-text-decoration );line-height:var( --e-global-typography-2a77ca3-line-height );letter-spacing:var( --e-global-typography-2a77ca3-letter-spacing );word-spacing:var( --e-global-typography-2a77ca3-word-spacing );}.elementor-11746 .elementor-element.elementor-element-0f93bc0{color:var( --e-global-color-3f00146 );}@media(max-width:1024px){.elementor-11746 .elementor-element.elementor-element-dd5d16c .elementor-heading-title{font-size:var( --e-global-typography-2a77ca3-font-size );line-height:var( --e-global-typography-2a77ca3-line-height );letter-spacing:var( --e-global-typography-2a77ca3-letter-spacing );word-spacing:var( --e-global-typography-2a77ca3-word-spacing );}}@media(min-width:768px){.elementor-11746 .elementor-element.elementor-element-6a0fed5{--content-width:1128px;}}@media(max-width:767px){.elementor-11746 .elementor-element.elementor-element-6a0fed5{--padding-block-start:20px;--padding-block-end:20px;--padding-inline-start:20px;--padding-inline-end:20px;}.elementor-11746 .elementor-element.elementor-element-dd5d16c .elementor-heading-title{font-size:var( --e-global-typography-2a77ca3-font-size );line-height:var( --e-global-typography-2a77ca3-line-height );letter-spacing:var( --e-global-typography-2a77ca3-letter-spacing );word-spacing:var( --e-global-typography-2a77ca3-word-spacing );}}<\/style>\t\t<div data-elementor-type=\"wp-page\" data-elementor-id=\"11746\" class=\"elementor elementor-11746 elementor-6092\" data-elementor-post-type=\"page\">\n\t\t\t\t<div class=\"elementor-element elementor-element-6a0fed5 e-flex e-con-boxed e-con e-parent\" data-id=\"6a0fed5\" data-element_type=\"container\" data-settings=\"{&quot;jet_parallax_layout_list&quot;:[],&quot;container_type&quot;:&quot;flex&quot;,&quot;content_width&quot;:&quot;boxed&quot;}\" data-core-v316-plus=\"true\">\n\t\t\t\t\t<div class=\"e-con-inner\">\n\t\t<div class=\"elementor-element elementor-element-d4f0740 e-con-full e-flex e-con e-child\" data-id=\"d4f0740\" data-element_type=\"container\" data-settings=\"{&quot;content_width&quot;:&quot;full&quot;,&quot;jet_parallax_layout_list&quot;:[],&quot;container_type&quot;:&quot;flex&quot;}\">\n\t\t\t\t<div class=\"elementor-element elementor-element-dd5d16c elementor-widget elementor-widget-heading\" data-id=\"dd5d16c\" data-element_type=\"widget\" data-widget_type=\"heading.default\">\n\t\t\t\t<div class=\"elementor-widget-container\">\n\t\t\t<style>\/*! elementor - v3.19.0 - 28-02-2024 *\/\n.elementor-heading-title{padding:0;margin:0;line-height:1}.elementor-widget-heading .elementor-heading-title[class*=elementor-size-]>a{color:inherit;font-size:inherit;line-height:inherit}.elementor-widget-heading .elementor-heading-title.elementor-size-small{font-size:15px}.elementor-widget-heading .elementor-heading-title.elementor-size-medium{font-size:19px}.elementor-widget-heading .elementor-heading-title.elementor-size-large{font-size:29px}.elementor-widget-heading .elementor-heading-title.elementor-size-xl{font-size:39px}.elementor-widget-heading .elementor-heading-title.elementor-size-xxl{font-size:59px}<\/style><h2 class=\"elementor-heading-title elementor-size-default\">Pol\u00edtica de cookies para Automaise<\/h2>\t\t<\/div>\n\t\t\t\t<\/div>\n\t\t\t\t<div class=\"elementor-element elementor-element-0f93bc0 elementor-widget elementor-widget-text-editor\" data-id=\"0f93bc0\" data-element_type=\"widget\" data-widget_type=\"text-editor.default\">\n\t\t\t\t<div class=\"elementor-widget-container\">\n\t\t\t<style>\/*! elementor - v3.19.0 - 28-02-2024 *\/\n.elementor-widget-text-editor.elementor-drop-cap-view-stacked .elementor-drop-cap{background-color:#69727d;color:#fff}.elementor-widget-text-editor.elementor-drop-cap-view-framed .elementor-drop-cap{color:#69727d;border:3px solid;background-color:transparent}.elementor-widget-text-editor:not(.elementor-drop-cap-view-default) .elementor-drop-cap{margin-top:8px}.elementor-widget-text-editor:not(.elementor-drop-cap-view-default) .elementor-drop-cap-letter{width:1em;height:1em}.elementor-widget-text-editor .elementor-drop-cap{float:left;text-align:center;line-height:1;font-size:50px}.elementor-widget-text-editor .elementor-drop-cap-letter{display:inline-block}<\/style>\t\t\t\t<p><span style=\"background-color: transparent; font-size: 16px; color: var( --e-global-color-text ); font-family: var( --e-global-typography-text-font-family ), Sans-serif; font-weight: var( --e-global-typography-text-font-weight );\">Esta \u00e9 a pol\u00edtica de cookies da Automaise, acess\u00edvel a partir de <span style=\"text-decoration: underline;\"><a href=\"https:\/\/automaise.com\/\" target=\"_blank\" rel=\"noopener\"><strong>www.automaise.com<\/strong><\/a><\/span><\/span><\/p>\n<h2><strong>O que s\u00e3o cookies<\/strong><\/h2>\n<p>Como \u00e9 pr\u00e1tica comum em quase todos os s\u00edtios Web profissionais, este s\u00edtio utiliza cookies, que s\u00e3o pequenos ficheiros que s\u00e3o descarregados para o teu computador, para melhorar a tua experi\u00eancia. Esta p\u00e1gina descreve as informa\u00e7\u00f5es que recolhem, como as utilizamos e porque \u00e9 que por vezes precisamos de armazenar estes cookies. Tamb\u00e9m partilharemos a forma como podes impedir que estes cookies sejam armazenados, mas isto pode degradar ou &#8220;quebrar&#8221; certos elementos da funcionalidade dos sites.<\/p>\n<h2><strong>Como utilizamos os cookies<\/strong><\/h2>\n<p>Utilizamos cookies por v\u00e1rias raz\u00f5es, descritas abaixo. Infelizmente, na maioria dos casos, n\u00e3o existem op\u00e7\u00f5es padr\u00e3o na ind\u00fastria para desativar os cookies sem desativar completamente a funcionalidade e as caracter\u00edsticas que acrescentam a este s\u00edtio. Recomenda-se que deixes todos os cookies activados se n\u00e3o tiveres a certeza se precisas deles ou n\u00e3o, caso sejam utilizados para fornecer um servi\u00e7o que utilizes.<\/p>\n<h2><strong>Desativar cookies<\/strong><\/h2>\n<p>Podes impedir a defini\u00e7\u00e3o de cookies ajustando as defini\u00e7\u00f5es do teu browser (consulta a Ajuda do teu browser para saberes como o fazer). Tem em aten\u00e7\u00e3o que a desativa\u00e7\u00e3o dos cookies afectar\u00e1 a funcionalidade deste e de muitos outros s\u00edtios Web que visitas. Se desactivares os cookies, normalmente tamb\u00e9m desactivar\u00e1s certas funcionalidades e caracter\u00edsticas deste s\u00edtio. Por conseguinte, recomenda-se que n\u00e3o desactives os cookies. Esta Pol\u00edtica de Cookies foi criada com a ajuda da&nbsp;<a href=\"https:\/\/www.cookiepolicygenerator.com\/cookie-policy-generator\/\" target=\"_blank\" rel=\"noopener\">Gerador de pol\u00edtica de cookies<\/a>.<\/p>\n<h2><strong>Os cookies que instalamos<\/strong><\/h2>\n<ul>\n<li>Cookies relacionados com formul\u00e1riosQuando envias dados atrav\u00e9s de um formul\u00e1rio, como os que se encontram nas p\u00e1ginas de contacto ou nos formul\u00e1rios de coment\u00e1rios, podem ser definidos cookies para recordar os teus dados de utilizador para correspond\u00eancia futura.<\/li>\n<li>Cookies de prefer\u00eancias do sitePara te proporcionar uma excelente experi\u00eancia neste site, fornecemos a funcionalidade para definires as tuas prefer\u00eancias relativamente \u00e0 forma como este site funciona quando o utilizas. Para recordar as tuas prefer\u00eancias, precisamos de definir cookies para que esta informa\u00e7\u00e3o possa ser chamada sempre que interagires com uma p\u00e1gina afetada pelas tuas prefer\u00eancias.<\/li>\n<\/ul>\n<h2><strong>Cookies de terceiros<\/strong><\/h2>\n<p>Em alguns casos especiais, tamb\u00e9m utilizamos cookies fornecidos por terceiros de confian\u00e7a. A sec\u00e7\u00e3o seguinte indica quais os cookies de terceiros que poder\u00e1s encontrar atrav\u00e9s deste site.<\/p>\n<ul>\n<li>Este s\u00edtio utiliza o Google Analytics, que \u00e9 uma das solu\u00e7\u00f5es anal\u00edticas mais difundidas e fi\u00e1veis na Web para nos ajudar a compreender como utilizas o s\u00edtio e como podemos melhorar a tua experi\u00eancia. Estes cookies podem registar informa\u00e7\u00f5es como o tempo que passas no s\u00edtio e as p\u00e1ginas que visitas, para que possamos continuar a produzir conte\u00fados interessantes. Para mais informa\u00e7\u00f5es sobre os cookies do Google Analytics, consulta a p\u00e1gina oficial do Google Analytics.<\/li>\n<li>A an\u00e1lise de terceiros \u00e9 utilizada para controlar e medir a utiliza\u00e7\u00e3o deste s\u00edtio, para que possamos continuar a produzir conte\u00fados interessantes. Estes cookies podem registar coisas como o tempo que passas no s\u00edtio ou as p\u00e1ginas que visitas, o que nos ajuda a perceber como podemos melhorar o s\u00edtio para ti.<\/li>\n<li>De tempos a tempos, testamos novas funcionalidades e fazemos altera\u00e7\u00f5es subtis \u00e0 forma como o s\u00edtio \u00e9 apresentado. Quando ainda estamos a testar novas funcionalidades, estes cookies podem ser utilizados para garantir que recebes uma experi\u00eancia consistente enquanto estiveres no site, ao mesmo tempo que garantimos que compreendemos quais as optimiza\u00e7\u00f5es que os nossos utilizadores mais apreciam.<\/li>\n<li>Como vendemos produtos, \u00e9 importante para n\u00f3s compreender as estat\u00edsticas sobre quantos dos visitantes do nosso site fazem realmente uma compra e, como tal, este \u00e9 o tipo de dados que estes cookies ir\u00e3o rastrear. Isto \u00e9 importante para ti, pois significa que podemos fazer previs\u00f5es comerciais precisas que nos permitem monitorizar os nossos custos de publicidade e de produtos para garantir o melhor pre\u00e7o poss\u00edvel.<\/li>\n<li>Tamb\u00e9m utilizamos bot\u00f5es e\/ou plugins de redes sociais neste s\u00edtio que te permitem ligar-te \u00e0 tua rede social de v\u00e1rias formas. Para que estes funcionem, os seguintes sites de redes sociais, incluindo: {Lista as redes sociais cujas funcionalidades integraste no teu site?:12}, definir\u00e3o cookies atrav\u00e9s do nosso site, que podem ser utilizados para melhorar o teu perfil no site deles ou contribuir para os dados que det\u00eam para v\u00e1rios fins descritos nas respectivas pol\u00edticas de privacidade.<\/li>\n<\/ul>\n<h2><strong>Mais informa\u00e7\u00f5es<\/strong><\/h2>\n<p>Esperamos que isto tenha esclarecido as coisas para ti e, como foi mencionado anteriormente, se houver algo que n\u00e3o tenhas a certeza se precisas ou n\u00e3o, normalmente \u00e9 mais seguro deixar os cookies activados no caso de interagirem com uma das funcionalidades que utilizas no nosso site.<\/p>\n<p>Para mais informa\u00e7\u00f5es gerais sobre cookies, l\u00ea&nbsp;<a href=\"https:\/\/www.cookiepolicygenerator.com\/sample-cookies-policy\/\" target=\"_blank\" rel=\"noopener\">o artigo sobre a Pol\u00edtica de Cookies<\/a>.<\/p>\n<p>No entanto, se ainda estiveres \u00e0 procura de mais informa\u00e7\u00f5es, podes contactar-nos atrav\u00e9s de um dos nossos m\u00e9todos de contacto preferidos:<\/p>\n<ul>\n<li style=\"list-style-type: none;\">\n<ul>\n<li style=\"list-style-type: none;\">\n<ul>\n<li>Correio eletr\u00f3nico:&nbsp;hello@automaise.com<\/li>\n<\/ul>\n<\/li>\n<\/ul>\n<\/li>\n<\/ul>\n<p>Automaise \u00a9 2024<\/p>\n<p><em>Disponibilizamos este conte\u00fado traduzido automaticamente para sua conveni\u00eancia. Por favor, esteja ciente de que pode conter imprecis\u00f5es.<\/em> <br><span style=\"text-decoration: underline;\"><a href=\"http:\/\/www.automaise.com\/pt-pt\/aviso-de-traducao\/\"><em>Aviso de tradu\u00e7\u00e3o<\/em><\/a><\/span><\/p>\t\t\t\t\t\t<\/div>\n\t\t\t\t<\/div>\n\t\t\t\t<\/div>\n\t\t\t\t\t<\/div>\n\t\t\t\t<\/div>\n\t\t\t\t<\/div>\n\t\t","protected":false},"excerpt":{"rendered":"<p>Pol\u00edtica de cookies para Automaise Esta \u00e9 a pol\u00edtica de cookies da Automaise, acess\u00edvel a partir de www.automaise.com O que s\u00e3o cookies Como \u00e9 pr\u00e1tica comum em quase todos os s\u00edtios Web profissionais, este s\u00edtio utiliza cookies, que s\u00e3o pequenos ficheiros que s\u00e3o descarregados para o teu computador, para melhorar a tua experi\u00eancia. Esta p\u00e1gina [&hellip;]<\/p>\n","protected":false},"author":1,"featured_media":0,"parent":0,"menu_order":0,"comment_status":"closed","ping_status":"closed","template":"","meta":{"footnotes":""},"class_list":["post-11746","page","type-page","status-publish","hentry"],"_links":{"self":[{"href":"https:\/\/www.automaise.com\/pt-pt\/wp-json\/wp\/v2\/pages\/11746","targetHints":{"allow":["GET"]}}],"collection":[{"href":"https:\/\/www.automaise.com\/pt-pt\/wp-json\/wp\/v2\/pages"}],"about":[{"href":"https:\/\/www.automaise.com\/pt-pt\/wp-json\/wp\/v2\/types\/page"}],"author":[{"embeddable":true,"href":"https:\/\/www.automaise.com\/pt-pt\/wp-json\/wp\/v2\/users\/1"}],"replies":[{"embeddable":true,"href":"https:\/\/www.automaise.com\/pt-pt\/wp-json\/wp\/v2\/comments?post=11746"}],"version-history":[{"count":10,"href":"https:\/\/www.automaise.com\/pt-pt\/wp-json\/wp\/v2\/pages\/11746\/revisions"}],"predecessor-version":[{"id":11956,"href":"https:\/\/www.automaise.com\/pt-pt\/wp-json\/wp\/v2\/pages\/11746\/revisions\/11956"}],"wp:attachment":[{"href":"https:\/\/www.automaise.com\/pt-pt\/wp-json\/wp\/v2\/media?parent=11746"}],"curies":[{"name":"wp","href":"https:\/\/api.w.org\/{rel}","templated":true}]}}