{"id":11808,"date":"2024-07-18T16:47:20","date_gmt":"2024-07-18T16:47:20","guid":{"rendered":"https:\/\/www.automaise.com\/aviso-de-traducao\/"},"modified":"2024-07-19T10:02:32","modified_gmt":"2024-07-19T10:02:32","slug":"aviso-de-traducao","status":"publish","type":"page","link":"https:\/\/www.automaise.com\/pt-pt\/aviso-de-traducao\/","title":{"rendered":"Aviso de Tradu\u00e7\u00e3o"},"content":{"rendered":"<style>.elementor-11808 .elementor-element.elementor-element-6a0fed5{--display:flex;--min-height:0px;--flex-direction:column;--container-widget-width:calc( ( 1 - var( --container-widget-flex-grow ) ) * 100% );--container-widget-height:initial;--container-widget-flex-grow:0;--container-widget-align-self:initial;--justify-content:center;--align-items:center;--gap:10px 10px;--flex-wrap:wrap;--background-transition:0.3s;--padding-block-start:050px;--padding-block-end:10px;--padding-inline-start:30px;--padding-inline-end:30px;}.elementor-11808 .elementor-element.elementor-element-d4f0740{--display:flex;--background-transition:0.3s;}.elementor-11808 .elementor-element.elementor-element-dd5d16c .elementor-heading-title{color:var( --e-global-color-secondary );font-family:var( --e-global-typography-2a77ca3-font-family ), Sans-serif;font-size:var( --e-global-typography-2a77ca3-font-size );font-weight:var( --e-global-typography-2a77ca3-font-weight );text-transform:var( --e-global-typography-2a77ca3-text-transform );font-style:var( --e-global-typography-2a77ca3-font-style );text-decoration:var( --e-global-typography-2a77ca3-text-decoration );line-height:var( --e-global-typography-2a77ca3-line-height );letter-spacing:var( --e-global-typography-2a77ca3-letter-spacing );word-spacing:var( --e-global-typography-2a77ca3-word-spacing );}.elementor-11808 .elementor-element.elementor-element-0f93bc0{color:var( --e-global-color-3f00146 );}@media(max-width:1024px){.elementor-11808 .elementor-element.elementor-element-dd5d16c .elementor-heading-title{font-size:var( --e-global-typography-2a77ca3-font-size );line-height:var( --e-global-typography-2a77ca3-line-height );letter-spacing:var( --e-global-typography-2a77ca3-letter-spacing );word-spacing:var( --e-global-typography-2a77ca3-word-spacing );}}@media(min-width:768px){.elementor-11808 .elementor-element.elementor-element-6a0fed5{--content-width:1128px;}}@media(max-width:767px){.elementor-11808 .elementor-element.elementor-element-6a0fed5{--padding-block-start:20px;--padding-block-end:20px;--padding-inline-start:20px;--padding-inline-end:20px;}.elementor-11808 .elementor-element.elementor-element-dd5d16c .elementor-heading-title{font-size:var( --e-global-typography-2a77ca3-font-size );line-height:var( --e-global-typography-2a77ca3-line-height );letter-spacing:var( --e-global-typography-2a77ca3-letter-spacing );word-spacing:var( --e-global-typography-2a77ca3-word-spacing );}}<\/style>\t\t<div data-elementor-type=\"wp-page\" data-elementor-id=\"11808\" class=\"elementor elementor-11808 elementor-11801\" data-elementor-post-type=\"page\">\n\t\t\t\t<div class=\"elementor-element elementor-element-6a0fed5 e-flex e-con-boxed e-con e-parent\" data-id=\"6a0fed5\" data-element_type=\"container\" data-settings=\"{&quot;jet_parallax_layout_list&quot;:[],&quot;container_type&quot;:&quot;flex&quot;,&quot;content_width&quot;:&quot;boxed&quot;}\" data-core-v316-plus=\"true\">\n\t\t\t\t\t<div class=\"e-con-inner\">\n\t\t<div class=\"elementor-element elementor-element-d4f0740 e-con-full e-flex e-con e-child\" data-id=\"d4f0740\" data-element_type=\"container\" data-settings=\"{&quot;content_width&quot;:&quot;full&quot;,&quot;jet_parallax_layout_list&quot;:[],&quot;container_type&quot;:&quot;flex&quot;}\">\n\t\t\t\t<div class=\"elementor-element elementor-element-dd5d16c elementor-widget elementor-widget-heading\" data-id=\"dd5d16c\" data-element_type=\"widget\" data-widget_type=\"heading.default\">\n\t\t\t\t<div class=\"elementor-widget-container\">\n\t\t\t<style>\/*! elementor - v3.19.0 - 28-02-2024 *\/\n.elementor-heading-title{padding:0;margin:0;line-height:1}.elementor-widget-heading .elementor-heading-title[class*=elementor-size-]>a{color:inherit;font-size:inherit;line-height:inherit}.elementor-widget-heading .elementor-heading-title.elementor-size-small{font-size:15px}.elementor-widget-heading .elementor-heading-title.elementor-size-medium{font-size:19px}.elementor-widget-heading .elementor-heading-title.elementor-size-large{font-size:29px}.elementor-widget-heading .elementor-heading-title.elementor-size-xl{font-size:39px}.elementor-widget-heading .elementor-heading-title.elementor-size-xxl{font-size:59px}<\/style><h2 class=\"elementor-heading-title elementor-size-default\">Aviso de Tradu\u00e7\u00e3o<\/h2>\t\t<\/div>\n\t\t\t\t<\/div>\n\t\t\t\t<div class=\"elementor-element elementor-element-0f93bc0 elementor-widget elementor-widget-text-editor\" data-id=\"0f93bc0\" data-element_type=\"widget\" data-widget_type=\"text-editor.default\">\n\t\t\t\t<div class=\"elementor-widget-container\">\n\t\t\t<style>\/*! elementor - v3.19.0 - 28-02-2024 *\/\n.elementor-widget-text-editor.elementor-drop-cap-view-stacked .elementor-drop-cap{background-color:#69727d;color:#fff}.elementor-widget-text-editor.elementor-drop-cap-view-framed .elementor-drop-cap{color:#69727d;border:3px solid;background-color:transparent}.elementor-widget-text-editor:not(.elementor-drop-cap-view-default) .elementor-drop-cap{margin-top:8px}.elementor-widget-text-editor:not(.elementor-drop-cap-view-default) .elementor-drop-cap-letter{width:1em;height:1em}.elementor-widget-text-editor .elementor-drop-cap{float:left;text-align:center;line-height:1;font-size:50px}.elementor-widget-text-editor .elementor-drop-cap-letter{display:inline-block}<\/style>\t\t\t\t<p>Este site foi traduzido usando o plugin WPML. Fizemos esfor\u00e7os razo\u00e1veis para garantir a precis\u00e3o da tradu\u00e7\u00e3o, mas tradu\u00e7\u00f5es automatizadas n\u00e3o s\u00e3o perfeitas e n\u00e3o devem substituir tradutores humanos. Estas tradu\u00e7\u00f5es s\u00e3o fornecidas &#8220;como est\u00e3o&#8221; como um servi\u00e7o para os utilizadores. N\u00e3o h\u00e1 garantias quanto \u00e0 precis\u00e3o, confiabilidade ou corre\u00e7\u00e3o das tradu\u00e7\u00f5es do ingl\u00eas para outros idiomas.<\/p><p>A vers\u00e3o em ingl\u00eas do site \u00e9 o texto oficial. Quaisquer diferen\u00e7as ou discrep\u00e2ncias nas tradu\u00e7\u00f5es n\u00e3o s\u00e3o vinculativas e n\u00e3o t\u00eam efeito legal. Para d\u00favidas sobre a precis\u00e3o das informa\u00e7\u00f5es traduzidas, consulte a vers\u00e3o oficial do site em ingl\u00eas.<\/p>\t\t\t\t\t\t<\/div>\n\t\t\t\t<\/div>\n\t\t\t\t<\/div>\n\t\t\t\t\t<\/div>\n\t\t\t\t<\/div>\n\t\t\t\t<\/div>\n\t\t","protected":false},"excerpt":{"rendered":"<p>Aviso de Tradu\u00e7\u00e3o Este site foi traduzido usando o plugin WPML. Fizemos esfor\u00e7os razo\u00e1veis para garantir a precis\u00e3o da tradu\u00e7\u00e3o, mas tradu\u00e7\u00f5es automatizadas n\u00e3o s\u00e3o perfeitas e n\u00e3o devem substituir tradutores humanos. Estas tradu\u00e7\u00f5es s\u00e3o fornecidas &#8220;como est\u00e3o&#8221; como um servi\u00e7o para os utilizadores. N\u00e3o h\u00e1 garantias quanto \u00e0 precis\u00e3o, confiabilidade ou corre\u00e7\u00e3o das tradu\u00e7\u00f5es [&hellip;]<\/p>\n","protected":false},"author":1,"featured_media":0,"parent":0,"menu_order":0,"comment_status":"closed","ping_status":"closed","template":"","meta":{"footnotes":""},"class_list":["post-11808","page","type-page","status-publish","hentry"],"_links":{"self":[{"href":"https:\/\/www.automaise.com\/pt-pt\/wp-json\/wp\/v2\/pages\/11808","targetHints":{"allow":["GET"]}}],"collection":[{"href":"https:\/\/www.automaise.com\/pt-pt\/wp-json\/wp\/v2\/pages"}],"about":[{"href":"https:\/\/www.automaise.com\/pt-pt\/wp-json\/wp\/v2\/types\/page"}],"author":[{"embeddable":true,"href":"https:\/\/www.automaise.com\/pt-pt\/wp-json\/wp\/v2\/users\/1"}],"replies":[{"embeddable":true,"href":"https:\/\/www.automaise.com\/pt-pt\/wp-json\/wp\/v2\/comments?post=11808"}],"version-history":[{"count":6,"href":"https:\/\/www.automaise.com\/pt-pt\/wp-json\/wp\/v2\/pages\/11808\/revisions"}],"predecessor-version":[{"id":11814,"href":"https:\/\/www.automaise.com\/pt-pt\/wp-json\/wp\/v2\/pages\/11808\/revisions\/11814"}],"wp:attachment":[{"href":"https:\/\/www.automaise.com\/pt-pt\/wp-json\/wp\/v2\/media?parent=11808"}],"curies":[{"name":"wp","href":"https:\/\/api.w.org\/{rel}","templated":true}]}}