{"id":12263,"date":"2024-07-11T16:30:14","date_gmt":"2024-07-11T16:30:14","guid":{"rendered":"https:\/\/www.automaise.com\/video-plataforma-automaise\/"},"modified":"2025-12-23T12:31:02","modified_gmt":"2025-12-23T12:31:02","slug":"video-plataforma-automaise","status":"publish","type":"page","link":"https:\/\/www.automaise.com\/pt-pt\/video-plataforma-automaise\/","title":{"rendered":"V\u00eddeo &#8211; Plataforma Automaise"},"content":{"rendered":"<style>.elementor-12263 .elementor-element.elementor-element-2762c03{--display:flex;--flex-direction:column;--container-widget-width:100%;--container-widget-height:initial;--container-widget-flex-grow:0;--container-widget-align-self:initial;--background-transition:0.3s;}.elementor-12263 .elementor-element.elementor-element-1459a77{text-align:center;}.elementor-12263 .elementor-element.elementor-element-1459a77 .elementor-heading-title{color:var( --e-global-color-881e064 );font-family:\"Inter\", Sans-serif;font-size:50px;font-weight:700;text-transform:none;font-style:normal;text-decoration:none;}.elementor-12263 .elementor-element.elementor-element-1459a77 > .elementor-widget-container{margin:50px 0px 0px 0px;}.elementor-12263 .elementor-element.elementor-element-05b71ad{--display:flex;--flex-direction:column;--container-widget-width:100%;--container-widget-height:initial;--container-widget-flex-grow:0;--container-widget-align-self:initial;--background-transition:0.3s;--margin-block-start:0px;--margin-block-end:100px;--margin-inline-start:0px;--margin-inline-end:0px;}.elementor-12263 .elementor-element.elementor-element-654a8ed .elementor-wrapper{--video-aspect-ratio:1.77777;}.elementor-12263 .elementor-element.elementor-element-654a8ed > .elementor-widget-container{margin:40px 0px 40px 0px;border-style:none;border-radius:20px 20px 20px 20px;box-shadow:0px 0px 20px 0px rgba(0,0,0,0.5);}.elementor-12263 .elementor-element.elementor-element-654a8ed{width:var( --container-widget-width, 85% );max-width:85%;--container-widget-width:85%;--container-widget-flex-grow:0;}.elementor-12263 .elementor-element.elementor-element-654a8ed.elementor-element{--align-self:center;}.elementor-12263 .elementor-element.elementor-element-5cae6b6{text-align:center;color:var( --e-global-color-881e064 );font-family:\"Inter\", Sans-serif;font-weight:400;text-transform:none;font-style:normal;text-decoration:none;line-height:1.3rem;width:var( --container-widget-width, 50% );max-width:50%;--container-widget-width:50%;--container-widget-flex-grow:0;}.elementor-12263 .elementor-element.elementor-element-5cae6b6 > .elementor-widget-container{padding:10px 10px 10px 0px;}.elementor-12263 .elementor-element.elementor-element-5cae6b6.elementor-element{--align-self:center;--flex-grow:0;--flex-shrink:0;}@media(max-width:767px){.elementor-12263 .elementor-element.elementor-element-1459a77 .elementor-heading-title{font-size:35px;line-height:1em;}.elementor-12263 .elementor-element.elementor-element-1459a77 > .elementor-widget-container{margin:40px 0px 10px 0px;}.elementor-12263 .elementor-element.elementor-element-654a8ed{--container-widget-width:100%;--container-widget-flex-grow:0;width:var( --container-widget-width, 100% );max-width:100%;}.elementor-12263 .elementor-element.elementor-element-5cae6b6{--container-widget-width:1000px;--container-widget-flex-grow:0;width:var( --container-widget-width, 1000px );max-width:1000px;}}<\/style>\t\t<div data-elementor-type=\"wp-page\" data-elementor-id=\"12263\" class=\"elementor elementor-12263 elementor-11447\" data-elementor-post-type=\"page\">\n\t\t\t\t<div class=\"elementor-element elementor-element-2762c03 e-flex e-con-boxed e-con e-parent\" data-id=\"2762c03\" data-element_type=\"container\" data-settings=\"{&quot;jet_parallax_layout_list&quot;:[],&quot;container_type&quot;:&quot;flex&quot;,&quot;content_width&quot;:&quot;boxed&quot;}\" data-core-v316-plus=\"true\">\n\t\t\t\t\t<div class=\"e-con-inner\">\n\t\t\t\t<div class=\"elementor-element elementor-element-1459a77 elementor-widget elementor-widget-heading\" data-id=\"1459a77\" data-element_type=\"widget\" data-widget_type=\"heading.default\">\n\t\t\t\t<div class=\"elementor-widget-container\">\n\t\t\t<style>\/*! elementor - v3.19.0 - 28-02-2024 *\/\n.elementor-heading-title{padding:0;margin:0;line-height:1}.elementor-widget-heading .elementor-heading-title[class*=elementor-size-]>a{color:inherit;font-size:inherit;line-height:inherit}.elementor-widget-heading .elementor-heading-title.elementor-size-small{font-size:15px}.elementor-widget-heading .elementor-heading-title.elementor-size-medium{font-size:19px}.elementor-widget-heading .elementor-heading-title.elementor-size-large{font-size:29px}.elementor-widget-heading .elementor-heading-title.elementor-size-xl{font-size:39px}.elementor-widget-heading .elementor-heading-title.elementor-size-xxl{font-size:59px}<\/style><h2 class=\"elementor-heading-title elementor-size-default\">Automaise Low-code AI Automation Platform<\/h2>\t\t<\/div>\n\t\t\t\t<\/div>\n\t\t\t\t\t<\/div>\n\t\t\t\t<\/div>\n\t\t<div class=\"elementor-element elementor-element-05b71ad e-flex e-con-boxed e-con e-parent\" data-id=\"05b71ad\" data-element_type=\"container\" data-settings=\"{&quot;jet_parallax_layout_list&quot;:[],&quot;container_type&quot;:&quot;flex&quot;,&quot;content_width&quot;:&quot;boxed&quot;}\" data-core-v316-plus=\"true\">\n\t\t\t\t\t<div class=\"e-con-inner\">\n\t\t\t\t<div class=\"elementor-element elementor-element-654a8ed elementor-widget__width-initial elementor-widget elementor-widget-video\" data-id=\"654a8ed\" data-element_type=\"widget\" data-settings=\"{&quot;youtube_url&quot;:&quot;https:\\\/\\\/youtu.be\\\/1QDj5nAsywA&quot;,&quot;autoplay&quot;:&quot;yes&quot;,&quot;mute&quot;:&quot;yes&quot;,&quot;loop&quot;:&quot;yes&quot;,&quot;play_on_mobile&quot;:&quot;yes&quot;,&quot;video_type&quot;:&quot;youtube&quot;,&quot;controls&quot;:&quot;yes&quot;}\" data-widget_type=\"video.default\">\n\t\t\t\t<div class=\"elementor-widget-container\">\n\t\t\t<style>\/*! elementor - v3.19.0 - 28-02-2024 *\/\n.elementor-widget-video .elementor-widget-container{overflow:hidden;transform:translateZ(0)}.elementor-widget-video .elementor-wrapper{aspect-ratio:var(--video-aspect-ratio)}.elementor-widget-video .elementor-wrapper iframe,.elementor-widget-video .elementor-wrapper video{height:100%;width:100%;display:flex;border:none;background-color:#000}@supports not (aspect-ratio:1\/1){.elementor-widget-video .elementor-wrapper{position:relative;overflow:hidden;height:0;padding-bottom:calc(100% \/ var(--video-aspect-ratio))}.elementor-widget-video .elementor-wrapper iframe,.elementor-widget-video .elementor-wrapper video{position:absolute;top:0;right:0;bottom:0;left:0}}.elementor-widget-video .elementor-open-inline .elementor-custom-embed-image-overlay{position:absolute;top:0;right:0;bottom:0;left:0;background-size:cover;background-position:50%}.elementor-widget-video .elementor-custom-embed-image-overlay{cursor:pointer;text-align:center}.elementor-widget-video .elementor-custom-embed-image-overlay:hover .elementor-custom-embed-play i{opacity:1}.elementor-widget-video .elementor-custom-embed-image-overlay img{display:block;width:100%;aspect-ratio:var(--video-aspect-ratio);-o-object-fit:cover;object-fit:cover;-o-object-position:center center;object-position:center center}@supports not (aspect-ratio:1\/1){.elementor-widget-video .elementor-custom-embed-image-overlay{position:relative;overflow:hidden;height:0;padding-bottom:calc(100% \/ var(--video-aspect-ratio))}.elementor-widget-video .elementor-custom-embed-image-overlay img{position:absolute;top:0;right:0;bottom:0;left:0}}.elementor-widget-video .e-hosted-video .elementor-video{-o-object-fit:cover;object-fit:cover}.e-con-inner>.elementor-widget-video,.e-con>.elementor-widget-video{width:var(--container-widget-width);--flex-grow:var(--container-widget-flex-grow)}<\/style>\t\t<div class=\"elementor-wrapper elementor-open-inline\">\n\t\t\t<div class=\"elementor-video\"><\/div>\t\t<\/div>\n\t\t\t\t<\/div>\n\t\t\t\t<\/div>\n\t\t\t\t<div class=\"elementor-element elementor-element-5cae6b6 elementor-widget__width-initial elementor-widget elementor-widget-text-editor\" data-id=\"5cae6b6\" data-element_type=\"widget\" data-widget_type=\"text-editor.default\">\n\t\t\t\t<div class=\"elementor-widget-container\">\n\t\t\t<style>\/*! elementor - v3.19.0 - 28-02-2024 *\/\n.elementor-widget-text-editor.elementor-drop-cap-view-stacked .elementor-drop-cap{background-color:#69727d;color:#fff}.elementor-widget-text-editor.elementor-drop-cap-view-framed .elementor-drop-cap{color:#69727d;border:3px solid;background-color:transparent}.elementor-widget-text-editor:not(.elementor-drop-cap-view-default) .elementor-drop-cap{margin-top:8px}.elementor-widget-text-editor:not(.elementor-drop-cap-view-default) .elementor-drop-cap-letter{width:1em;height:1em}.elementor-widget-text-editor .elementor-drop-cap{float:left;text-align:center;line-height:1;font-size:50px}.elementor-widget-text-editor .elementor-drop-cap-letter{display:inline-block}<\/style>\t\t\t\tA partir desta plataforma, a Automaise fornece um conjunto de produtos prontos a utilizar que permitem automatizar rapidamente os fluxos de trabalho das empresas&#8230; t\u00e3o \u00e1geis\/r\u00e1pidos como, por exemplo, o Zapier, mas para casos de utiliza\u00e7\u00e3o mais complexos.\t\t\t\t\t\t<\/div>\n\t\t\t\t<\/div>\n\t\t\t\t\t<\/div>\n\t\t\t\t<\/div>\n\t\t\t\t<\/div>\n\t\t","protected":false},"excerpt":{"rendered":"<p>Automaise Low-code AI Automation Platform https:\/\/youtu.be\/1QDj5nAsywAA partir desta plataforma, a Automaise fornece um conjunto de produtos prontos a utilizar que permitem automatizar rapidamente os fluxos de trabalho das empresas&#8230; t\u00e3o \u00e1geis\/r\u00e1pidos como, por exemplo, o Zapier, mas para casos de utiliza\u00e7\u00e3o mais complexos.<\/p>\n","protected":false},"author":1,"featured_media":0,"parent":0,"menu_order":0,"comment_status":"closed","ping_status":"closed","template":"","meta":{"footnotes":""},"class_list":["post-12263","page","type-page","status-publish","hentry"],"_links":{"self":[{"href":"https:\/\/www.automaise.com\/pt-pt\/wp-json\/wp\/v2\/pages\/12263","targetHints":{"allow":["GET"]}}],"collection":[{"href":"https:\/\/www.automaise.com\/pt-pt\/wp-json\/wp\/v2\/pages"}],"about":[{"href":"https:\/\/www.automaise.com\/pt-pt\/wp-json\/wp\/v2\/types\/page"}],"author":[{"embeddable":true,"href":"https:\/\/www.automaise.com\/pt-pt\/wp-json\/wp\/v2\/users\/1"}],"replies":[{"embeddable":true,"href":"https:\/\/www.automaise.com\/pt-pt\/wp-json\/wp\/v2\/comments?post=12263"}],"version-history":[{"count":3,"href":"https:\/\/www.automaise.com\/pt-pt\/wp-json\/wp\/v2\/pages\/12263\/revisions"}],"predecessor-version":[{"id":20331,"href":"https:\/\/www.automaise.com\/pt-pt\/wp-json\/wp\/v2\/pages\/12263\/revisions\/20331"}],"wp:attachment":[{"href":"https:\/\/www.automaise.com\/pt-pt\/wp-json\/wp\/v2\/media?parent=12263"}],"curies":[{"name":"wp","href":"https:\/\/api.w.org\/{rel}","templated":true}]}}